{"id":18552,"date":"2023-09-13T07:00:46","date_gmt":"2023-09-13T07:00:46","guid":{"rendered":"https:\/\/carma.com\/resumo-da-esg-weeklypedia\/"},"modified":"2023-10-24T05:41:02","modified_gmt":"2023-10-24T05:41:02","slug":"resumo-da-esg-weeklypedia","status":"publish","type":"page","link":"https:\/\/carma.com\/pt-pt\/resumo-da-esg-weeklypedia\/","title":{"rendered":"Resumo da ESG Weeklypedia"},"content":{"rendered":"\t\t<div data-elementor-type=\"wp-page\" data-elementor-id=\"18552\" class=\"elementor elementor-18552 elementor-18534\" data-elementor-post-type=\"page\">\n\t\t\t\t\t\t<section class=\"elementor-section elementor-top-section elementor-element elementor-element-66ca73b elementor-section-height-min-height elementor-section-items-bottom elementor-section-boxed elementor-section-height-default\" data-id=\"66ca73b\" data-element_type=\"section\" data-settings=\"{&quot;background_background&quot;:&quot;classic&quot;}\">\n\t\t\t\t\t\t\t<div class=\"elementor-background-overlay\"><\/div>\n\t\t\t\t\t\t\t<div class=\"elementor-container elementor-column-gap-default\">\n\t\t\t\t\t<div class=\"elementor-column elementor-col-100 elementor-top-column elementor-element elementor-element-6a97076\" data-id=\"6a97076\" data-element_type=\"column\">\n\t\t\t<div class=\"elementor-widget-wrap elementor-element-populated\">\n\t\t\t\t\t\t<div class=\"elementor-element elementor-element-b9c4a55 elementor-widget elementor-widget-heading\" data-id=\"b9c4a55\" data-element_type=\"widget\" data-widget_type=\"heading.default\">\n\t\t\t\t<div class=\"elementor-widget-container\">\n\t\t\t\t\t<h1 class=\"elementor-heading-title elementor-size-default\">Resumo da ESG Weeklypedia<\/h1>\t\t\t\t<\/div>\n\t\t\t\t<\/div>\n\t\t\t\t<div class=\"elementor-element elementor-element-1bd9187 elementor-widget elementor-widget-text-editor\" data-id=\"1bd9187\" data-element_type=\"widget\" data-widget_type=\"text-editor.default\">\n\t\t\t\t<div class=\"elementor-widget-container\">\n\t\t\t\t\t\t\t\t\t<p>Uma Colab Garoupa INC e CARMA, com o conte\u00fado ESG relevante<\/p>\n\t\t\t\t\t\t\t\t<\/div>\n\t\t\t\t<\/div>\n\t\t\t\t\t<\/div>\n\t\t<\/div>\n\t\t\t\t\t<\/div>\n\t\t<\/section>\n\t\t\t\t<section class=\"elementor-section elementor-top-section elementor-element elementor-element-77f599b elementor-section-boxed elementor-section-height-default elementor-section-height-default\" data-id=\"77f599b\" data-element_type=\"section\">\n\t\t\t\t\t\t<div class=\"elementor-container elementor-column-gap-default\">\n\t\t\t\t\t<div class=\"elementor-column elementor-col-50 elementor-top-column elementor-element elementor-element-f4672f0\" data-id=\"f4672f0\" data-element_type=\"column\">\n\t\t\t<div class=\"elementor-widget-wrap elementor-element-populated\">\n\t\t\t\t\t\t<div class=\"elementor-element elementor-element-627c3f4 elementor-align-justify elementor-widget elementor-widget-button\" data-id=\"627c3f4\" data-element_type=\"widget\" data-widget_type=\"button.default\">\n\t\t\t\t<div class=\"elementor-widget-container\">\n\t\t\t\t\t\t\t\t\t<div class=\"elementor-button-wrapper\">\n\t\t\t\t\t<a class=\"elementor-button elementor-button-link elementor-size-lg elementor-animation-shrink\" href=\"https:\/\/7328329.fs1.hubspotusercontent-na1.net\/hubfs\/7328329\/Digest%20Semanal%20-%20ESG%20Weeklypedia%2014-09-2023%20CPLP.pdf\">\n\t\t\t\t\t\t<span class=\"elementor-button-content-wrapper\">\n\t\t\t\t\t\t\t\t\t<span class=\"elementor-button-text\">Semana 1 \/\/ 8 - 14 set<\/span>\n\t\t\t\t\t<\/span>\n\t\t\t\t\t<\/a>\n\t\t\t\t<\/div>\n\t\t\t\t\t\t\t\t<\/div>\n\t\t\t\t<\/div>\n\t\t\t\t\t<\/div>\n\t\t<\/div>\n\t\t\t\t<div class=\"elementor-column elementor-col-50 elementor-top-column elementor-element elementor-element-776ce83\" data-id=\"776ce83\" data-element_type=\"column\">\n\t\t\t<div class=\"elementor-widget-wrap elementor-element-populated\">\n\t\t\t\t\t\t<div class=\"elementor-element elementor-element-80208bd elementor-align-justify elementor-widget elementor-widget-button\" data-id=\"80208bd\" data-element_type=\"widget\" data-widget_type=\"button.default\">\n\t\t\t\t<div class=\"elementor-widget-container\">\n\t\t\t\t\t\t\t\t\t<div class=\"elementor-button-wrapper\">\n\t\t\t\t\t<a class=\"elementor-button elementor-button-link elementor-size-lg elementor-animation-shrink\" href=\"https:\/\/7328329.fs1.hubspotusercontent-na1.net\/hubfs\/7328329\/Digest%20Semanal%20-%20ESG%20Weeklypedia%2021-09-2023.pdf\" target=\"_blank\">\n\t\t\t\t\t\t<span class=\"elementor-button-content-wrapper\">\n\t\t\t\t\t\t\t\t\t<span class=\"elementor-button-text\">Semana 2 \/\/ 15 - 21 set<\/span>\n\t\t\t\t\t<\/span>\n\t\t\t\t\t<\/a>\n\t\t\t\t<\/div>\n\t\t\t\t\t\t\t\t<\/div>\n\t\t\t\t<\/div>\n\t\t\t\t\t<\/div>\n\t\t<\/div>\n\t\t\t\t\t<\/div>\n\t\t<\/section>\n\t\t\t\t<section class=\"elementor-section elementor-top-section elementor-element elementor-element-cc1d96e elementor-section-boxed elementor-section-height-default elementor-section-height-default\" data-id=\"cc1d96e\" data-element_type=\"section\">\n\t\t\t\t\t\t<div class=\"elementor-container elementor-column-gap-default\">\n\t\t\t\t\t<div class=\"elementor-column elementor-col-50 elementor-top-column elementor-element elementor-element-f2cd4d6\" data-id=\"f2cd4d6\" data-element_type=\"column\">\n\t\t\t<div class=\"elementor-widget-wrap elementor-element-populated\">\n\t\t\t\t\t\t<div class=\"elementor-element elementor-element-4caf2ee elementor-align-justify elementor-widget elementor-widget-button\" data-id=\"4caf2ee\" data-element_type=\"widget\" data-widget_type=\"button.default\">\n\t\t\t\t<div class=\"elementor-widget-container\">\n\t\t\t\t\t\t\t\t\t<div class=\"elementor-button-wrapper\">\n\t\t\t\t\t<a class=\"elementor-button elementor-button-link elementor-size-lg elementor-animation-shrink\" href=\"https:\/\/7328329.fs1.hubspotusercontent-na1.net\/hubfs\/7328329\/Digest%20Semanal%20-%20ESG%20Weeklypedia%2028-09-2023.pdf\" target=\"_blank\">\n\t\t\t\t\t\t<span class=\"elementor-button-content-wrapper\">\n\t\t\t\t\t\t\t\t\t<span class=\"elementor-button-text\">Semana 3 \/\/ 22 - 28 set<\/span>\n\t\t\t\t\t<\/span>\n\t\t\t\t\t<\/a>\n\t\t\t\t<\/div>\n\t\t\t\t\t\t\t\t<\/div>\n\t\t\t\t<\/div>\n\t\t\t\t\t<\/div>\n\t\t<\/div>\n\t\t\t\t<div class=\"elementor-column elementor-col-50 elementor-top-column elementor-element elementor-element-ec4e1ca\" data-id=\"ec4e1ca\" data-element_type=\"column\">\n\t\t\t<div class=\"elementor-widget-wrap elementor-element-populated\">\n\t\t\t\t\t\t<div class=\"elementor-element elementor-element-1107a96 elementor-align-justify elementor-widget elementor-widget-button\" data-id=\"1107a96\" data-element_type=\"widget\" data-widget_type=\"button.default\">\n\t\t\t\t<div class=\"elementor-widget-container\">\n\t\t\t\t\t\t\t\t\t<div class=\"elementor-button-wrapper\">\n\t\t\t\t\t<a class=\"elementor-button elementor-button-link elementor-size-lg elementor-animation-shrink\" href=\"https:\/\/7328329.fs1.hubspotusercontent-na1.net\/hubfs\/7328329\/Digest%20Semanal%20-%20ESG%20Weeklypedia%2005-10-2023%20CPLP.pdf\">\n\t\t\t\t\t\t<span class=\"elementor-button-content-wrapper\">\n\t\t\t\t\t\t\t\t\t<span class=\"elementor-button-text\">Semana 4 \/\/ 29 set - 5 out<\/span>\n\t\t\t\t\t<\/span>\n\t\t\t\t\t<\/a>\n\t\t\t\t<\/div>\n\t\t\t\t\t\t\t\t<\/div>\n\t\t\t\t<\/div>\n\t\t\t\t\t<\/div>\n\t\t<\/div>\n\t\t\t\t\t<\/div>\n\t\t<\/section>\n\t\t\t\t<section class=\"elementor-section elementor-top-section elementor-element elementor-element-a2911e8 elementor-section-boxed elementor-section-height-default elementor-section-height-default\" data-id=\"a2911e8\" data-element_type=\"section\">\n\t\t\t\t\t\t<div class=\"elementor-container elementor-column-gap-default\">\n\t\t\t\t\t<div class=\"elementor-column elementor-col-50 elementor-top-column elementor-element elementor-element-6640449\" data-id=\"6640449\" data-element_type=\"column\">\n\t\t\t<div class=\"elementor-widget-wrap elementor-element-populated\">\n\t\t\t\t\t\t<div class=\"elementor-element elementor-element-b4c232e elementor-align-justify elementor-widget elementor-widget-button\" data-id=\"b4c232e\" data-element_type=\"widget\" data-widget_type=\"button.default\">\n\t\t\t\t<div class=\"elementor-widget-container\">\n\t\t\t\t\t\t\t\t\t<div class=\"elementor-button-wrapper\">\n\t\t\t\t\t<a class=\"elementor-button elementor-button-link elementor-size-lg elementor-animation-shrink\" href=\"https:\/\/7328329.fs1.hubspotusercontent-na1.net\/hubfs\/7328329\/Digest%20Semanal%20-%20ESG%20Weeklypedia%2012-10-2023%20CPLP.pdf\" target=\"_blank\">\n\t\t\t\t\t\t<span class=\"elementor-button-content-wrapper\">\n\t\t\t\t\t\t\t\t\t<span class=\"elementor-button-text\">Semana 5 \/\/ 6 \u2013 12 out<\/span>\n\t\t\t\t\t<\/span>\n\t\t\t\t\t<\/a>\n\t\t\t\t<\/div>\n\t\t\t\t\t\t\t\t<\/div>\n\t\t\t\t<\/div>\n\t\t\t\t\t<\/div>\n\t\t<\/div>\n\t\t\t\t<div class=\"elementor-column elementor-col-50 elementor-top-column elementor-element elementor-element-dccf3a1\" data-id=\"dccf3a1\" data-element_type=\"column\">\n\t\t\t<div class=\"elementor-widget-wrap elementor-element-populated\">\n\t\t\t\t\t\t<div class=\"elementor-element elementor-element-cbbd874 elementor-align-justify elementor-widget elementor-widget-button\" data-id=\"cbbd874\" data-element_type=\"widget\" data-widget_type=\"button.default\">\n\t\t\t\t<div class=\"elementor-widget-container\">\n\t\t\t\t\t\t\t\t\t<div class=\"elementor-button-wrapper\">\n\t\t\t\t\t<a class=\"elementor-button elementor-button-link elementor-size-lg elementor-animation-shrink\" href=\"https:\/\/7328329.fs1.hubspotusercontent-na1.net\/hubfs\/7328329\/Digest%20Semanal%20-%20ESG%20Weeklypedia%2019-10-2023%20CPLP.pdf\">\n\t\t\t\t\t\t<span class=\"elementor-button-content-wrapper\">\n\t\t\t\t\t\t\t\t\t<span class=\"elementor-button-text\">Semana 6 \/\/ 13 \u2013 19 out<\/span>\n\t\t\t\t\t<\/span>\n\t\t\t\t\t<\/a>\n\t\t\t\t<\/div>\n\t\t\t\t\t\t\t\t<\/div>\n\t\t\t\t<\/div>\n\t\t\t\t\t<\/div>\n\t\t<\/div>\n\t\t\t\t\t<\/div>\n\t\t<\/section>\n\t\t\t\t<\/div>\n\t\t","protected":false},"excerpt":{"rendered":"<p>Resumo da ESG Weeklypedia Uma Colab Garoupa INC e CARMA, com o conte\u00fado ESG relevante Semana 1 \/\/ 8 &#8211; 14 set Semana 2 \/\/ 15 &#8211; 21 set Semana 3 \/\/ 22 &#8211; 28 set Semana 4 \/\/ 29 set &#8211; 5 out Semana 5 \/\/ 6 \u2013 12 out Semana 6 \/\/ 13 [&hellip;]<\/p>\n","protected":false},"author":60,"featured_media":18618,"parent":0,"menu_order":0,"comment_status":"closed","ping_status":"closed","template":"elementor_header_footer","meta":{"_acf_changed":false,"content-type":"","inline_featured_image":false,"footnotes":"","_links_to":"","_links_to_target":""},"class_list":["post-18552","page","type-page","status-publish","has-post-thumbnail","hentry"],"acf":[],"yoast_head":"<!-- This site is optimized with the Yoast SEO Premium plugin v27.1 (Yoast SEO v27.1.1) - https:\/\/yoast.com\/product\/yoast-seo-premium-wordpress\/ -->\n<title>Resumo da ESG Weeklypedia - CARMA<\/title>\n<meta name=\"description\" content=\"Nosso resumo semanal tem como objetivo monitorar e analisar not\u00edcias relacionadas a energia sustent\u00e1vel, recursos renov\u00e1veis, economia circular e outras \u00e1reas abrangidas pelo ESG.\" \/>\n<meta name=\"robots\" content=\"index, follow, max-snippet:-1, max-image-preview:large, max-video-preview:-1\" \/>\n<link rel=\"canonical\" href=\"https:\/\/carma.com\/pt-pt\/resumo-da-esg-weeklypedia\/\" \/>\n<meta property=\"og:locale\" content=\"pt_PT\" \/>\n<meta property=\"og:type\" content=\"article\" \/>\n<meta property=\"og:title\" content=\"Resumo da ESG Weeklypedia\" \/>\n<meta property=\"og:description\" content=\"Nosso resumo semanal tem como objetivo monitorar e analisar not\u00edcias relacionadas a energia sustent\u00e1vel, recursos renov\u00e1veis, economia circular e outras \u00e1reas abrangidas pelo ESG.\" \/>\n<meta property=\"og:url\" content=\"https:\/\/carma.com\/pt-pt\/resumo-da-esg-weeklypedia\/\" \/>\n<meta property=\"og:site_name\" content=\"CARMA\" \/>\n<meta property=\"article:publisher\" content=\"https:\/\/www.facebook.com\/CARMAGlobal\/\" \/>\n<meta property=\"article:modified_time\" content=\"2023-10-24T05:41:02+00:00\" \/>\n<meta property=\"og:image\" content=\"https:\/\/carma.com\/wp-content\/uploads\/2023\/09\/ESG-Weeklypedia-004_crop.jpg\" \/>\n\t<meta property=\"og:image:width\" content=\"1280\" \/>\n\t<meta property=\"og:image:height\" content=\"375\" \/>\n\t<meta property=\"og:image:type\" content=\"image\/jpeg\" \/>\n<meta name=\"twitter:card\" content=\"summary_large_image\" \/>\n<meta name=\"twitter:site\" content=\"@CARMA\" \/>\n<!-- \/ Yoast SEO Premium plugin. -->","yoast_head_json":{"title":"Resumo da ESG Weeklypedia - CARMA","description":"Nosso resumo semanal tem como objetivo monitorar e analisar not\u00edcias relacionadas a energia sustent\u00e1vel, recursos renov\u00e1veis, economia circular e outras \u00e1reas abrangidas pelo ESG.","robots":{"index":"index","follow":"follow","max-snippet":"max-snippet:-1","max-image-preview":"max-image-preview:large","max-video-preview":"max-video-preview:-1"},"canonical":"https:\/\/carma.com\/pt-pt\/resumo-da-esg-weeklypedia\/","og_locale":"pt_PT","og_type":"article","og_title":"Resumo da ESG Weeklypedia","og_description":"Nosso resumo semanal tem como objetivo monitorar e analisar not\u00edcias relacionadas a energia sustent\u00e1vel, recursos renov\u00e1veis, economia circular e outras \u00e1reas abrangidas pelo ESG.","og_url":"https:\/\/carma.com\/pt-pt\/resumo-da-esg-weeklypedia\/","og_site_name":"CARMA","article_publisher":"https:\/\/www.facebook.com\/CARMAGlobal\/","article_modified_time":"2023-10-24T05:41:02+00:00","og_image":[{"width":1280,"height":375,"url":"https:\/\/carma.com\/wp-content\/uploads\/2023\/09\/ESG-Weeklypedia-004_crop.jpg","type":"image\/jpeg"}],"twitter_card":"summary_large_image","twitter_site":"@CARMA","schema":{"@context":"https:\/\/schema.org","@graph":[{"@type":"WebPage","@id":"https:\/\/carma.com\/pt-pt\/resumo-da-esg-weeklypedia\/","url":"https:\/\/carma.com\/pt-pt\/resumo-da-esg-weeklypedia\/","name":"Resumo da ESG Weeklypedia - CARMA","isPartOf":{"@id":"https:\/\/carma.com\/pt-pt\/#website"},"primaryImageOfPage":{"@id":"https:\/\/carma.com\/pt-pt\/resumo-da-esg-weeklypedia\/#primaryimage"},"image":{"@id":"https:\/\/carma.com\/pt-pt\/resumo-da-esg-weeklypedia\/#primaryimage"},"thumbnailUrl":"https:\/\/carma.com\/wp-content\/uploads\/2023\/09\/ESG-Weeklypedia-004_crop.jpg","datePublished":"2023-09-13T07:00:46+00:00","dateModified":"2023-10-24T05:41:02+00:00","description":"Nosso resumo semanal tem como objetivo monitorar e analisar not\u00edcias relacionadas a energia sustent\u00e1vel, recursos renov\u00e1veis, economia circular e outras \u00e1reas abrangidas pelo ESG.","breadcrumb":{"@id":"https:\/\/carma.com\/pt-pt\/resumo-da-esg-weeklypedia\/#breadcrumb"},"inLanguage":"pt-PT","potentialAction":[{"@type":"ReadAction","target":["https:\/\/carma.com\/pt-pt\/resumo-da-esg-weeklypedia\/"]}]},{"@type":"ImageObject","inLanguage":"pt-PT","@id":"https:\/\/carma.com\/pt-pt\/resumo-da-esg-weeklypedia\/#primaryimage","url":"https:\/\/carma.com\/wp-content\/uploads\/2023\/09\/ESG-Weeklypedia-004_crop.jpg","contentUrl":"https:\/\/carma.com\/wp-content\/uploads\/2023\/09\/ESG-Weeklypedia-004_crop.jpg","width":1280,"height":375},{"@type":"BreadcrumbList","@id":"https:\/\/carma.com\/pt-pt\/resumo-da-esg-weeklypedia\/#breadcrumb","itemListElement":[{"@type":"ListItem","position":1,"name":"Home","item":"https:\/\/carma.com\/pt-pt\/"},{"@type":"ListItem","position":2,"name":"Resumo da ESG Weeklypedia"}]},{"@type":"WebSite","@id":"https:\/\/carma.com\/pt-pt\/#website","url":"https:\/\/carma.com\/pt-pt\/","name":"CARMA","description":"Delivering What Matters","publisher":{"@id":"https:\/\/carma.com\/pt-pt\/#organization"},"potentialAction":[{"@type":"SearchAction","target":{"@type":"EntryPoint","urlTemplate":"https:\/\/carma.com\/pt-pt\/?s={search_term_string}"},"query-input":{"@type":"PropertyValueSpecification","valueRequired":true,"valueName":"search_term_string"}}],"inLanguage":"pt-PT"},{"@type":"Organization","@id":"https:\/\/carma.com\/pt-pt\/#organization","name":"CARMA International Inc","url":"https:\/\/carma.com\/pt-pt\/","logo":{"@type":"ImageObject","inLanguage":"pt-PT","@id":"https:\/\/carma.com\/pt-pt\/#\/schema\/logo\/image\/","url":"https:\/\/carma.com\/wp-content\/uploads\/2021\/01\/CARMA-Logo.svg","contentUrl":"https:\/\/carma.com\/wp-content\/uploads\/2021\/01\/CARMA-Logo.svg","width":305.23,"height":313.36,"caption":"CARMA International Inc"},"image":{"@id":"https:\/\/carma.com\/pt-pt\/#\/schema\/logo\/image\/"},"sameAs":["https:\/\/www.facebook.com\/CARMAGlobal\/","https:\/\/x.com\/CARMA","https:\/\/www.instagram.com\/carmaglobal\/","https:\/\/www.linkedin.com\/company\/carma"]}]}},"publishpress_future_workflow_manual_trigger":{"enabledWorkflows":[]},"_links":{"self":[{"href":"https:\/\/carma.com\/pt-pt\/wp-json\/wp\/v2\/pages\/18552","targetHints":{"allow":["GET"]}}],"collection":[{"href":"https:\/\/carma.com\/pt-pt\/wp-json\/wp\/v2\/pages"}],"about":[{"href":"https:\/\/carma.com\/pt-pt\/wp-json\/wp\/v2\/types\/page"}],"author":[{"embeddable":true,"href":"https:\/\/carma.com\/pt-pt\/wp-json\/wp\/v2\/users\/60"}],"replies":[{"embeddable":true,"href":"https:\/\/carma.com\/pt-pt\/wp-json\/wp\/v2\/comments?post=18552"}],"version-history":[{"count":0,"href":"https:\/\/carma.com\/pt-pt\/wp-json\/wp\/v2\/pages\/18552\/revisions"}],"wp:featuredmedia":[{"embeddable":true,"href":"https:\/\/carma.com\/pt-pt\/wp-json\/wp\/v2\/media\/18618"}],"wp:attachment":[{"href":"https:\/\/carma.com\/pt-pt\/wp-json\/wp\/v2\/media?parent=18552"}],"curies":[{"name":"wp","href":"https:\/\/api.w.org\/{rel}","templated":true}]}}