{"id":4639,"date":"2021-11-30T11:37:26","date_gmt":"2021-11-30T11:37:26","guid":{"rendered":"https:\/\/carma.com\/monitorizacao-de-imprensa\/"},"modified":"2021-12-01T15:09:11","modified_gmt":"2021-12-01T15:09:11","slug":"monitorizacao-de-imprensa","status":"publish","type":"page","link":"https:\/\/carma.com\/pt-pt\/monitorizacao-de-media\/monitorizacao-de-imprensa\/","title":{"rendered":"Monitoriza\u00e7\u00e3o de Imprensa"},"content":{"rendered":"\t\t<div data-elementor-type=\"wp-page\" data-elementor-id=\"4639\" class=\"elementor elementor-4639 elementor-2784\" data-elementor-post-type=\"page\">\n\t\t\t\t\t\t<section class=\"elementor-section elementor-top-section elementor-element elementor-element-415e2f6 elementor-section-height-min-height elementor-section-items-bottom elementor-section-boxed elementor-section-height-default\" data-id=\"415e2f6\" data-element_type=\"section\" data-settings=\"{&quot;background_background&quot;:&quot;classic&quot;}\">\n\t\t\t\t\t\t\t<div class=\"elementor-background-overlay\"><\/div>\n\t\t\t\t\t\t\t<div class=\"elementor-container elementor-column-gap-default\">\n\t\t\t\t\t<div class=\"elementor-column elementor-col-100 elementor-top-column elementor-element elementor-element-e1ce01e\" data-id=\"e1ce01e\" data-element_type=\"column\">\n\t\t\t<div class=\"elementor-widget-wrap elementor-element-populated\">\n\t\t\t\t\t\t<div class=\"elementor-element elementor-element-defa14f elementor-widget elementor-widget-heading\" data-id=\"defa14f\" data-element_type=\"widget\" data-widget_type=\"heading.default\">\n\t\t\t\t<div class=\"elementor-widget-container\">\n\t\t\t\t\t<span class=\"elementor-heading-title elementor-size-default\"><a href=\"https:\/\/carma.com\/pr-measurement\/\">Monitoriza\u00e7\u00e3o de Media<\/a><\/span>\t\t\t\t<\/div>\n\t\t\t\t<\/div>\n\t\t\t\t<div class=\"elementor-element elementor-element-f33f959 elementor-widget elementor-widget-heading\" data-id=\"f33f959\" data-element_type=\"widget\" data-widget_type=\"heading.default\">\n\t\t\t\t<div class=\"elementor-widget-container\">\n\t\t\t\t\t<h1 class=\"elementor-heading-title elementor-size-default\">Monitoriza\u00e7\u00e3o de Imprensa<\/h1>\t\t\t\t<\/div>\n\t\t\t\t<\/div>\n\t\t\t\t<div class=\"elementor-element elementor-element-63e6fe9 elementor-widget elementor-widget-text-editor\" data-id=\"63e6fe9\" data-element_type=\"widget\" data-widget_type=\"text-editor.default\">\n\t\t\t\t<div class=\"elementor-widget-container\">\n\t\t\t\t\t\t\t\t\t<p>Monitoriza\u00e7\u00e3o da imprensa global detalhada, precisa e eficiente, proporcionada pelo parceiro em quem pode confiar<\/p>\n\t\t\t\t\t\t\t\t<\/div>\n\t\t\t\t<\/div>\n\t\t\t\t\t<\/div>\n\t\t<\/div>\n\t\t\t\t\t<\/div>\n\t\t<\/section>\n\t\t\t\t<section class=\"elementor-section elementor-top-section elementor-element elementor-element-ef4fad9 elementor-section-boxed elementor-section-height-default elementor-section-height-default\" data-id=\"ef4fad9\" data-element_type=\"section\" data-settings=\"{&quot;background_background&quot;:&quot;classic&quot;}\">\n\t\t\t\t\t\t<div class=\"elementor-container elementor-column-gap-default\">\n\t\t\t\t\t<div class=\"elementor-column elementor-col-100 elementor-top-column elementor-element elementor-element-d095246\" data-id=\"d095246\" data-element_type=\"column\">\n\t\t\t<div class=\"elementor-widget-wrap elementor-element-populated\">\n\t\t\t\t\t\t<div class=\"elementor-element elementor-element-6dc13aa elementor-absolute elementor-hidden-tablet elementor-hidden-mobile elementor-invisible elementor-widget elementor-widget-image\" data-id=\"6dc13aa\" data-element_type=\"widget\" data-settings=\"{&quot;_animation&quot;:&quot;slideInDown&quot;,&quot;_position&quot;:&quot;absolute&quot;}\" data-widget_type=\"image.default\">\n\t\t\t\t<div class=\"elementor-widget-container\">\n\t\t\t\t\t\t\t\t\t\t\t\t\t\t\t<img decoding=\"async\" width=\"1\" height=\"1\" src=\"https:\/\/carma.com\/wp-content\/uploads\/2021\/09\/Chevron-circle-dark.svg\" class=\"attachment-large size-large wp-image-3272\" alt=\"\" \/>\t\t\t\t\t\t\t\t\t\t\t\t\t\t\t<\/div>\n\t\t\t\t<\/div>\n\t\t\t\t<div class=\"elementor-element elementor-element-d1f18cd elementor-widget elementor-widget-heading\" data-id=\"d1f18cd\" data-element_type=\"widget\" data-widget_type=\"heading.default\">\n\t\t\t\t<div class=\"elementor-widget-container\">\n\t\t\t\t\t<h2 class=\"elementor-heading-title elementor-size-default\">Precisa de monitorizar jornais e revistas? Estamos aqui para si<\/h2>\t\t\t\t<\/div>\n\t\t\t\t<\/div>\n\t\t\t\t<div class=\"elementor-element elementor-element-ad0fa55 elementor-widget elementor-widget-text-editor\" data-id=\"ad0fa55\" data-element_type=\"widget\" data-widget_type=\"text-editor.default\">\n\t\t\t\t<div class=\"elementor-widget-container\">\n\t\t\t\t\t\t\t\t\t<p>Quer necessite de monitoriza\u00e7\u00e3o da imprensa regional, nacional ou internacional, extra\u00edmos recortes de imprensa de alta qualidade de forma eficiente, segundo as suas necessidades. Todos os recortes de imprensa s\u00e3o submetidos a um processo de controlo de qualidade para avaliar a sua relev\u00e2ncia e a presen\u00e7a de palavras-chave, digitalizados e disponibilizados para visualiza\u00e7\u00e3o, an\u00e1lise e exporta\u00e7\u00e3o, atrav\u00e9s do Portal CARMA Insight.<\/p>\n\t\t\t\t\t\t\t\t<\/div>\n\t\t\t\t<\/div>\n\t\t\t\t<section class=\"elementor-section elementor-inner-section elementor-element elementor-element-393fd0c elementor-reverse-tablet elementor-reverse-mobile elementor-section-boxed elementor-section-height-default elementor-section-height-default\" data-id=\"393fd0c\" data-element_type=\"section\">\n\t\t\t\t\t\t<div class=\"elementor-container elementor-column-gap-default\">\n\t\t\t\t\t<div class=\"elementor-column elementor-col-50 elementor-inner-column elementor-element elementor-element-bd90c85\" data-id=\"bd90c85\" data-element_type=\"column\">\n\t\t\t<div class=\"elementor-widget-wrap elementor-element-populated\">\n\t\t\t\t\t\t<div class=\"elementor-element elementor-element-cdd4029 elementor-widget elementor-widget-heading\" data-id=\"cdd4029\" data-element_type=\"widget\" data-widget_type=\"heading.default\">\n\t\t\t\t<div class=\"elementor-widget-container\">\n\t\t\t\t\t<h3 class=\"elementor-heading-title elementor-size-default\">Precis\u00e3o e qualidade <\/h3>\t\t\t\t<\/div>\n\t\t\t\t<\/div>\n\t\t\t\t<div class=\"elementor-element elementor-element-f401690 elementor-widget elementor-widget-text-editor\" data-id=\"f401690\" data-element_type=\"widget\" data-widget_type=\"text-editor.default\">\n\t\t\t\t<div class=\"elementor-widget-container\">\n\t\t\t\t\t\t\t\t\t<p>Os editores da CARMA utilizam tecnologia para assegurar que os recortes medi\u00e1ticos v\u00e3o de encontro \u00e0s suas necessidades, fornecendo uma cobertura de imprensa precisa em tempo \u00fatil. Cada recorte \u00e9 automaticamente identificado para an\u00e1lise pela nossa tecnologia, sendo que a equipa cria resumos traduzidos no seu idioma principal.<\/p>\n\t\t\t\t\t\t\t\t<\/div>\n\t\t\t\t<\/div>\n\t\t\t\t<div class=\"elementor-element elementor-element-60930ab elementor-widget elementor-widget-heading\" data-id=\"60930ab\" data-element_type=\"widget\" data-widget_type=\"heading.default\">\n\t\t\t\t<div class=\"elementor-widget-container\">\n\t\t\t\t\t<h3 class=\"elementor-heading-title elementor-size-default\">Eficiente e Eficaz<\/h3>\t\t\t\t<\/div>\n\t\t\t\t<\/div>\n\t\t\t\t<div class=\"elementor-element elementor-element-bf63145 elementor-widget elementor-widget-text-editor\" data-id=\"bf63145\" data-element_type=\"widget\" data-widget_type=\"text-editor.default\">\n\t\t\t\t<div class=\"elementor-widget-container\">\n\t\t\t\t\t\t\t\t\t<p>Trabalhamos com equipas de clipping, ferramentas de monitoriza\u00e7\u00e3o de imprensa e parceiros globais, de modo a extrair recortes de monitoriza\u00e7\u00e3o de imprensa da forma mais econ\u00f3mica poss\u00edvel.<\/p>\n\t\t\t\t\t\t\t\t<\/div>\n\t\t\t\t<\/div>\n\t\t\t\t<div class=\"elementor-element elementor-element-73dd1f5 elementor-widget elementor-widget-heading\" data-id=\"73dd1f5\" data-element_type=\"widget\" data-widget_type=\"heading.default\">\n\t\t\t\t<div class=\"elementor-widget-container\">\n\t\t\t\t\t<h3 class=\"elementor-heading-title elementor-size-default\">Licenciamentos de conte\u00fados e direitos de autor<\/h3>\t\t\t\t<\/div>\n\t\t\t\t<\/div>\n\t\t\t\t<div class=\"elementor-element elementor-element-fb2f4e6 elementor-widget elementor-widget-text-editor\" data-id=\"fb2f4e6\" data-element_type=\"widget\" data-widget_type=\"text-editor.default\">\n\t\t\t\t<div class=\"elementor-widget-container\">\n\t\t\t\t\t\t\t\t\t<p>Lidar com direitos de autor e obten\u00e7\u00e3o de licen\u00e7as em diferentes mercados pode torna-se complicado mas, com a experiente equipa da CARMA, pronta a gui\u00e1-lo\/a em cada etapa, estar\u00e1 em boas m\u00e3os.<\/p>\n\t\t\t\t\t\t\t\t<\/div>\n\t\t\t\t<\/div>\n\t\t\t\t\t<\/div>\n\t\t<\/div>\n\t\t\t\t<div class=\"elementor-column elementor-col-50 elementor-inner-column elementor-element elementor-element-65a56dd\" data-id=\"65a56dd\" data-element_type=\"column\">\n\t\t\t<div class=\"elementor-widget-wrap elementor-element-populated\">\n\t\t\t\t\t\t<div class=\"elementor-element elementor-element-c91c60a elementor-invisible elementor-widget elementor-widget-image\" data-id=\"c91c60a\" data-element_type=\"widget\" data-settings=\"{&quot;_animation&quot;:&quot;zoomIn&quot;}\" data-widget_type=\"image.default\">\n\t\t\t\t<div class=\"elementor-widget-container\">\n\t\t\t\t\t\t\t\t\t\t\t\t\t\t\t<img fetchpriority=\"high\" decoding=\"async\" width=\"800\" height=\"638\" src=\"https:\/\/carma.com\/wp-content\/uploads\/2021\/11\/Print-Monitoring-from-Carma-1024x816.png\" class=\"attachment-large size-large wp-image-3799\" alt=\"Print monitoring examples\" srcset=\"https:\/\/carma.com\/wp-content\/uploads\/2021\/11\/Print-Monitoring-from-Carma-1024x816.png 1024w, https:\/\/carma.com\/wp-content\/uploads\/2021\/11\/Print-Monitoring-from-Carma-300x239.png 300w, https:\/\/carma.com\/wp-content\/uploads\/2021\/11\/Print-Monitoring-from-Carma-768x612.png 768w, https:\/\/carma.com\/wp-content\/uploads\/2021\/11\/Print-Monitoring-from-Carma.png 1248w\" sizes=\"(max-width: 800px) 100vw, 800px\" \/>\t\t\t\t\t\t\t\t\t\t\t\t\t\t\t<\/div>\n\t\t\t\t<\/div>\n\t\t\t\t\t<\/div>\n\t\t<\/div>\n\t\t\t\t\t<\/div>\n\t\t<\/section>\n\t\t\t\t\t<\/div>\n\t\t<\/div>\n\t\t\t\t\t<\/div>\n\t\t<\/section>\n\t\t\t\t<section class=\"elementor-section elementor-top-section elementor-element elementor-element-2fceada7 elementor-section-boxed elementor-section-height-default elementor-section-height-default\" data-id=\"2fceada7\" data-element_type=\"section\" data-settings=\"{&quot;background_background&quot;:&quot;classic&quot;}\">\n\t\t\t\t\t\t<div class=\"elementor-container elementor-column-gap-default\">\n\t\t\t\t\t<div class=\"elementor-column elementor-col-100 elementor-top-column elementor-element elementor-element-41b98f25\" data-id=\"41b98f25\" data-element_type=\"column\" data-settings=\"{&quot;background_background&quot;:&quot;classic&quot;}\">\n\t\t\t<div class=\"elementor-widget-wrap elementor-element-populated\">\n\t\t\t\t\t\t<section class=\"elementor-section elementor-inner-section elementor-element elementor-element-232ebd0f elementor-section-boxed elementor-section-height-default elementor-section-height-default\" data-id=\"232ebd0f\" data-element_type=\"section\" data-settings=\"{&quot;background_background&quot;:&quot;classic&quot;}\">\n\t\t\t\t\t\t<div class=\"elementor-container elementor-column-gap-default\">\n\t\t\t\t\t<div class=\"elementor-column elementor-col-50 elementor-inner-column elementor-element elementor-element-402e6d03\" data-id=\"402e6d03\" data-element_type=\"column\">\n\t\t\t<div class=\"elementor-widget-wrap elementor-element-populated\">\n\t\t\t\t\t\t<div class=\"elementor-element elementor-element-2c408378 elementor-widget elementor-widget-heading\" data-id=\"2c408378\" data-element_type=\"widget\" data-widget_type=\"heading.default\">\n\t\t\t\t<div class=\"elementor-widget-container\">\n\t\t\t\t\t<h2 class=\"elementor-heading-title elementor-size-default\">Descubra a abordagem do CARMA para monitoramento e avalia\u00e7\u00e3o de m\u00eddia<\/h2>\t\t\t\t<\/div>\n\t\t\t\t<\/div>\n\t\t\t\t<div class=\"elementor-element elementor-element-6d9dbce0 elementor-widget elementor-widget-heading\" data-id=\"6d9dbce0\" data-element_type=\"widget\" data-widget_type=\"heading.default\">\n\t\t\t\t<div class=\"elementor-widget-container\">\n\t\t\t\t\t<p class=\"elementor-heading-title elementor-size-default\">Fale com um de nossos consultores experientes sobre seu monitoramento de m\u00eddia e comunica\u00e7\u00f5es hoje.<\/p>\t\t\t\t<\/div>\n\t\t\t\t<\/div>\n\t\t\t\t\t<\/div>\n\t\t<\/div>\n\t\t\t\t<div class=\"elementor-column elementor-col-50 elementor-inner-column elementor-element elementor-element-32b740cd\" data-id=\"32b740cd\" data-element_type=\"column\">\n\t\t\t<div class=\"elementor-widget-wrap elementor-element-populated\">\n\t\t\t\t\t\t<div class=\"elementor-element elementor-element-116cc94c elementor-widget elementor-widget-shortcode\" data-id=\"116cc94c\" data-element_type=\"widget\" data-widget_type=\"shortcode.default\">\n\t\t\t\t<div class=\"elementor-widget-container\">\n\t\t\t\t\t\t\t<div class=\"elementor-shortcode\">\n\t\t\t\t\t\t<script>\n\t\t\t\t\t\t\twindow.hsFormsOnReady = window.hsFormsOnReady || [];\n\t\t\t\t\t\t\twindow.hsFormsOnReady.push(()=>{\n\t\t\t\t\t\t\t\thbspt.forms.create({\n\t\t\t\t\t\t\t\t\tportalId: 7328329,\n\t\t\t\t\t\t\t\t\tformId: \"4ccfd4c1-472b-4857-812f-37a47648b8c7\",\n\t\t\t\t\t\t\t\t\ttarget: \"#hbspt-form-1778808138000-5320845786\",\n\t\t\t\t\t\t\t\t\tregion: \"na1\",\n\t\t\t\t\t\t\t\t\t\n\t\t\t\t\t\t\t})});\n\t\t\t\t\t\t<\/script>\n\t\t\t\t\t\t<div class=\"hbspt-form\" id=\"hbspt-form-1778808138000-5320845786\"><\/div><\/div>\n\t\t\t\t\t\t<\/div>\n\t\t\t\t<\/div>\n\t\t\t\t\t<\/div>\n\t\t<\/div>\n\t\t\t\t\t<\/div>\n\t\t<\/section>\n\t\t\t\t\t<\/div>\n\t\t<\/div>\n\t\t\t\t\t<\/div>\n\t\t<\/section>\n\t\t\t\t<\/div>\n\t\t","protected":false},"excerpt":{"rendered":"<p>Monitoriza\u00e7\u00e3o de Media Monitoriza\u00e7\u00e3o da imprensa global detalhada, precisa e eficiente, proporcionada pelo parceiro em quem pode confiar Precisa de monitorizar jornais e revistas? Estamos aqui para si Quer necessite de monitoriza\u00e7\u00e3o da imprensa regional, nacional ou internacional, extra\u00edmos recortes de imprensa de alta qualidade de forma eficiente, segundo as suas necessidades. Todos os recortes [&hellip;]<\/p>\n","protected":false},"author":9,"featured_media":3463,"parent":4648,"menu_order":0,"comment_status":"closed","ping_status":"closed","template":"elementor_header_footer","meta":{"_acf_changed":false,"content-type":"","inline_featured_image":false,"footnotes":"","_links_to":"","_links_to_target":""},"class_list":["post-4639","page","type-page","status-publish","has-post-thumbnail","hentry"],"acf":[],"yoast_head":"<!-- This site is optimized with the Yoast SEO Premium plugin v27.5 (Yoast SEO v27.5) - https:\/\/yoast.com\/product\/yoast-seo-premium-wordpress\/ -->\n<title>Monitoriza\u00e7\u00e3o de Imprensa CARMA. Delivering What Matters.<\/title>\n<meta name=\"description\" content=\"Monitoriza\u00e7\u00e3o da imprensa a n\u00edvel global, 24 horas por dia. Filtramos o ru\u00eddo para lhe enviar conte\u00fados e cobertura medi\u00e1tica relevantes, em tempo real.\" \/>\n<meta name=\"robots\" content=\"index, follow, max-snippet:-1, max-image-preview:large, max-video-preview:-1\" \/>\n<link rel=\"canonical\" href=\"https:\/\/carma.com\/pt-pt\/monitorizacao-de-media\/monitorizacao-de-imprensa\/\" \/>\n<meta property=\"og:locale\" content=\"pt_PT\" \/>\n<meta property=\"og:type\" content=\"article\" \/>\n<meta property=\"og:title\" content=\"Monitoriza\u00e7\u00e3o de Imprensa\" \/>\n<meta property=\"og:description\" content=\"Monitoriza\u00e7\u00e3o da imprensa a n\u00edvel global, 24 horas por dia. Filtramos o ru\u00eddo para lhe enviar conte\u00fados e cobertura medi\u00e1tica relevantes, em tempo real.\" \/>\n<meta property=\"og:url\" content=\"https:\/\/carma.com\/pt-pt\/monitorizacao-de-media\/monitorizacao-de-imprensa\/\" \/>\n<meta property=\"og:site_name\" content=\"CARMA\" \/>\n<meta property=\"article:publisher\" content=\"https:\/\/www.facebook.com\/CARMAGlobal\/\" \/>\n<meta property=\"article:modified_time\" content=\"2021-12-01T15:09:11+00:00\" \/>\n<meta property=\"og:image\" content=\"https:\/\/carma.com\/wp-content\/uploads\/2021\/10\/Print-Media-Monitoring-hero.jpg\" \/>\n\t<meta property=\"og:image:width\" content=\"1440\" \/>\n\t<meta property=\"og:image:height\" content=\"452\" \/>\n\t<meta property=\"og:image:type\" content=\"image\/jpeg\" \/>\n<meta name=\"twitter:card\" content=\"summary_large_image\" \/>\n<meta name=\"twitter:site\" content=\"@CARMA\" \/>\n<meta name=\"twitter:label1\" content=\"Tempo estimado de leitura\" \/>\n\t<meta name=\"twitter:data1\" content=\"2 minutos\" \/>\n<!-- \/ Yoast SEO Premium plugin. -->","yoast_head_json":{"title":"Monitoriza\u00e7\u00e3o de Imprensa CARMA. Delivering What Matters.","description":"Monitoriza\u00e7\u00e3o da imprensa a n\u00edvel global, 24 horas por dia. Filtramos o ru\u00eddo para lhe enviar conte\u00fados e cobertura medi\u00e1tica relevantes, em tempo real.","robots":{"index":"index","follow":"follow","max-snippet":"max-snippet:-1","max-image-preview":"max-image-preview:large","max-video-preview":"max-video-preview:-1"},"canonical":"https:\/\/carma.com\/pt-pt\/monitorizacao-de-media\/monitorizacao-de-imprensa\/","og_locale":"pt_PT","og_type":"article","og_title":"Monitoriza\u00e7\u00e3o de Imprensa","og_description":"Monitoriza\u00e7\u00e3o da imprensa a n\u00edvel global, 24 horas por dia. Filtramos o ru\u00eddo para lhe enviar conte\u00fados e cobertura medi\u00e1tica relevantes, em tempo real.","og_url":"https:\/\/carma.com\/pt-pt\/monitorizacao-de-media\/monitorizacao-de-imprensa\/","og_site_name":"CARMA","article_publisher":"https:\/\/www.facebook.com\/CARMAGlobal\/","article_modified_time":"2021-12-01T15:09:11+00:00","og_image":[{"width":1440,"height":452,"url":"https:\/\/carma.com\/wp-content\/uploads\/2021\/10\/Print-Media-Monitoring-hero.jpg","type":"image\/jpeg"}],"twitter_card":"summary_large_image","twitter_site":"@CARMA","twitter_misc":{"Tempo estimado de leitura":"2 minutos"},"schema":{"@context":"https:\/\/schema.org","@graph":[{"@type":"WebPage","@id":"https:\/\/carma.com\/pt-pt\/monitorizacao-de-media\/monitorizacao-de-imprensa\/","url":"https:\/\/carma.com\/pt-pt\/monitorizacao-de-media\/monitorizacao-de-imprensa\/","name":"Monitoriza\u00e7\u00e3o de Imprensa CARMA. Delivering What Matters.","isPartOf":{"@id":"https:\/\/carma.com\/pt-pt\/#website"},"primaryImageOfPage":{"@id":"https:\/\/carma.com\/pt-pt\/monitorizacao-de-media\/monitorizacao-de-imprensa\/#primaryimage"},"image":{"@id":"https:\/\/carma.com\/pt-pt\/monitorizacao-de-media\/monitorizacao-de-imprensa\/#primaryimage"},"thumbnailUrl":"https:\/\/carma.com\/wp-content\/uploads\/2021\/10\/Print-Media-Monitoring-hero.jpg","datePublished":"2021-11-30T11:37:26+00:00","dateModified":"2021-12-01T15:09:11+00:00","description":"Monitoriza\u00e7\u00e3o da imprensa a n\u00edvel global, 24 horas por dia. Filtramos o ru\u00eddo para lhe enviar conte\u00fados e cobertura medi\u00e1tica relevantes, em tempo real.","breadcrumb":{"@id":"https:\/\/carma.com\/pt-pt\/monitorizacao-de-media\/monitorizacao-de-imprensa\/#breadcrumb"},"inLanguage":"pt-PT","potentialAction":[{"@type":"ReadAction","target":["https:\/\/carma.com\/pt-pt\/monitorizacao-de-media\/monitorizacao-de-imprensa\/"]}]},{"@type":"ImageObject","inLanguage":"pt-PT","@id":"https:\/\/carma.com\/pt-pt\/monitorizacao-de-media\/monitorizacao-de-imprensa\/#primaryimage","url":"https:\/\/carma.com\/wp-content\/uploads\/2021\/10\/Print-Media-Monitoring-hero.jpg","contentUrl":"https:\/\/carma.com\/wp-content\/uploads\/2021\/10\/Print-Media-Monitoring-hero.jpg","width":1440,"height":452,"caption":"Print Media Monitoring hero"},{"@type":"BreadcrumbList","@id":"https:\/\/carma.com\/pt-pt\/monitorizacao-de-media\/monitorizacao-de-imprensa\/#breadcrumb","itemListElement":[{"@type":"ListItem","position":1,"name":"Home","item":"https:\/\/carma.com\/pt-pt\/"},{"@type":"ListItem","position":2,"name":"Monitoriza\u00e7\u00e3o de Media","item":"https:\/\/carma.com\/pt-pt\/media-monitoring\/"},{"@type":"ListItem","position":3,"name":"Monitoriza\u00e7\u00e3o de Imprensa"}]},{"@type":"WebSite","@id":"https:\/\/carma.com\/pt-pt\/#website","url":"https:\/\/carma.com\/pt-pt\/","name":"CARMA","description":"Delivering What Matters","publisher":{"@id":"https:\/\/carma.com\/pt-pt\/#organization"},"potentialAction":[{"@type":"SearchAction","target":{"@type":"EntryPoint","urlTemplate":"https:\/\/carma.com\/pt-pt\/?s={search_term_string}"},"query-input":{"@type":"PropertyValueSpecification","valueRequired":true,"valueName":"search_term_string"}}],"inLanguage":"pt-PT"},{"@type":"Organization","@id":"https:\/\/carma.com\/pt-pt\/#organization","name":"CARMA International Inc","url":"https:\/\/carma.com\/pt-pt\/","logo":{"@type":"ImageObject","inLanguage":"pt-PT","@id":"https:\/\/carma.com\/pt-pt\/#\/schema\/logo\/image\/","url":"https:\/\/carma.com\/wp-content\/uploads\/2021\/01\/CARMA-Logo.svg","contentUrl":"https:\/\/carma.com\/wp-content\/uploads\/2021\/01\/CARMA-Logo.svg","width":305.23,"height":313.36,"caption":"CARMA International Inc"},"image":{"@id":"https:\/\/carma.com\/pt-pt\/#\/schema\/logo\/image\/"},"sameAs":["https:\/\/www.facebook.com\/CARMAGlobal\/","https:\/\/x.com\/CARMA","https:\/\/www.instagram.com\/carmaglobal\/","https:\/\/www.linkedin.com\/company\/carma"]}]}},"publishpress_future_workflow_manual_trigger":{"enabledWorkflows":[]},"_links":{"self":[{"href":"https:\/\/carma.com\/pt-pt\/wp-json\/wp\/v2\/pages\/4639","targetHints":{"allow":["GET"]}}],"collection":[{"href":"https:\/\/carma.com\/pt-pt\/wp-json\/wp\/v2\/pages"}],"about":[{"href":"https:\/\/carma.com\/pt-pt\/wp-json\/wp\/v2\/types\/page"}],"author":[{"embeddable":true,"href":"https:\/\/carma.com\/pt-pt\/wp-json\/wp\/v2\/users\/9"}],"replies":[{"embeddable":true,"href":"https:\/\/carma.com\/pt-pt\/wp-json\/wp\/v2\/comments?post=4639"}],"version-history":[{"count":0,"href":"https:\/\/carma.com\/pt-pt\/wp-json\/wp\/v2\/pages\/4639\/revisions"}],"up":[{"embeddable":true,"href":"https:\/\/carma.com\/pt-pt\/wp-json\/wp\/v2\/pages\/4648"}],"wp:featuredmedia":[{"embeddable":true,"href":"https:\/\/carma.com\/pt-pt\/wp-json\/wp\/v2\/media\/3463"}],"wp:attachment":[{"href":"https:\/\/carma.com\/pt-pt\/wp-json\/wp\/v2\/media?parent=4639"}],"curies":[{"name":"wp","href":"https:\/\/api.w.org\/{rel}","templated":true}]}}